{"id":1576,"date":"2024-05-06T14:39:31","date_gmt":"2024-05-06T11:39:31","guid":{"rendered":"https:\/\/davincidental.md\/?page_id=1576"},"modified":"2024-08-06T19:16:07","modified_gmt":"2024-08-06T16:16:07","slug":"termeni-si-conditii","status":"publish","type":"page","link":"https:\/\/davincidental.md\/ro\/termeni-si-conditii\/","title":{"rendered":"Termeni \u0219i Condi\u021bii"},"content":{"rendered":"\n<h2 class=\"wp-block-heading\">Termeni \u0219i Condi\u021bii<\/h2>\n\n\n\n<p>V\u0103 rug\u0103m s\u0103 citi\u021bi cu aten\u021bie ace\u0219ti Termeni de utilizare \u00eenainte de a utiliza site-ul Davinci Dental Clinic operat de Davinci Dental Clinic.<\/p>\n\n\n\n<p>Accesul \u0219i utilizarea serviciului sunt condi\u021bionate de acceptarea \u0219i respectarea acestor termeni. Ace\u0219ti Termeni se aplic\u0103 tuturor vizitatorilor, utilizatorilor \u0219i altor persoane care acceseaz\u0103 sau utilizeaz\u0103 Serviciul.<\/p>\n\n\n\n<p>Prin accesarea sau utilizarea Serviciului, sunte\u021bi de acord s\u0103 respecta\u021bi ace\u0219ti Termeni. Dac\u0103 nu sunte\u021bi de acord cu nicio parte a termenilor, v\u0103 rug\u0103m s\u0103 nu accesa\u021bi Serviciul.<\/p>\n\n\n\n<p><strong>Conturi<\/strong><br>Atunci c\u00e2nd crea\u021bi un cont la noi, trebuie s\u0103 furniza\u021bi informa\u021bii corecte, complete \u0219i actuale \u00een orice moment. Nerespectarea acestui lucru reprezint\u0103 o \u00eenc\u0103lcare a Termenilor, ceea ce poate duce la rezilierea imediat\u0103 a contului dvs. \u00een cadrul Serviciului nostru.<\/p>\n\n\n\n<p>Sunte\u021bi responsabil de protejarea parolei pe care o utiliza\u021bi pentru a accesa Serviciul \u0219i pentru orice activit\u0103\u021bi sau ac\u021biuni sub parola dvs., indiferent dac\u0103 parola este cu Serviciul nostru sau un serviciu ter\u021b.<\/p>\n\n\n\n<p>Sunte\u021bi de acord s\u0103 nu dezv\u0103lui\u021bi parola niciunei ter\u021be p\u0103r\u021bi. Trebuie s\u0103 ne anun\u021ba\u021bi imediat dup\u0103 aflarea oric\u0103rei \u00eenc\u0103lc\u0103ri de securitate sau utilizare neautorizat\u0103 a contului dvs.<\/p>\n\n\n\n<p><strong>Proprietate intelectual\u0103<\/strong><br>Serviciul \u0219i con\u021binutul, caracteristicile \u0219i func\u021bionalit\u0103\u021bile sale originale sunt \u0219i vor r\u0103m\u00e2ne proprietatea exclusiv\u0103 a Davinci Dental Clinic \u0219i a licen\u021biatorilor s\u0103i.<\/p>\n\n\n\n<p><strong>Linkuri c\u0103tre alte site-uri web<\/strong><br>Serviciul nostru poate con\u021bine leg\u0103turi c\u0103tre site-uri sau servicii web ale unor ter\u021be p\u0103r\u021bi care nu sunt de\u021binute sau controlate de Davinci Dental Clinic.<\/p>\n\n\n\n<p>Davinci Dental Clinic nu are niciun control \u0219i nu \u00ee\u0219i asum\u0103 nicio responsabilitate pentru con\u021binutul, politicile de confiden\u021bialitate sau practicile site-urilor sau serviciilor web ale unei ter\u021be p\u0103r\u021bi. \u00cen continuare, recunoa\u0219te\u021bi \u0219i sunte\u021bi de acord c\u0103 Davinci Dental Clinic nu va fi responsabil sau r\u0103spunz\u0103tor, direct sau indirect, pentru orice daune sau pierderi cauzate sau presupuse a fi cauzate de sau \u00een leg\u0103tur\u0103 cu utilizarea sau dependen\u021ba de un astfel de con\u021binut, bunuri sau servicii disponibile pe sau prin orice astfel de site-uri sau servicii web.<\/p>\n\n\n\n<p>V\u0103 sf\u0103tuim s\u0103 citi\u021bi termenii \u0219i condi\u021biile \u0219i politicile de confiden\u021bialitate ale oric\u0103ror site-uri sau servicii web ale unei ter\u021be p\u0103r\u021bi pe care le vizita\u021bi.<\/p>\n\n\n\n<p><strong>Reziliere<\/strong><br>Putem rezilia sau suspenda accesul la Serviciul nostru imediat, f\u0103r\u0103 notificare prealabil\u0103 sau r\u0103spundere, din orice motiv, inclusiv f\u0103r\u0103 limitare dac\u0103 \u00eenc\u0103lca\u021bi Termenii.<\/p>\n\n\n\n<p>Toate prevederile Termenilor care, prin natura lor, ar trebui s\u0103 supravie\u021buiasc\u0103 \u00eencet\u0103rii, vor supravie\u021bui rezilierii, inclusiv, f\u0103r\u0103 limitare, prevederile de proprietate, declin\u0103rile de garan\u021bie, indemniza\u021biile \u0219i limit\u0103rile r\u0103spunderii.<\/p>\n\n\n\n<p>V\u0103 putem rezilia sau suspenda contul imediat, f\u0103r\u0103 notificare prealabil\u0103 sau r\u0103spundere, pentru orice motiv, inclusiv f\u0103r\u0103 limitare dac\u0103 \u00eenc\u0103lca\u021bi Termenii.<\/p>\n\n\n\n<p>Dup\u0103 reziliere, dreptul dvs. de a utiliza Serviciul va \u00eenceta imediat. Dac\u0103 dori\u021bi s\u0103 v\u0103 rezilia\u021bi contul, pute\u021bi \u00eentrerupe pur \u0219i simplu utilizarea serviciului.<\/p>\n\n\n\n<p><strong>Declinarea responsabilit\u0103\u021bii<\/strong><br>Utilizarea de c\u0103tre dumneavoastr\u0103 a Serviciului este pe riscul dumneavoastr\u0103. Serviciul este furnizat pe baz\u0103 de \u201eCA ATARE\u201d \u0219i \u201eCUM ESTE DISPONIBIL\u201d. Serviciul este furnizat f\u0103r\u0103 niciun fel de garan\u021bii, fie c\u0103 sunt explicite sau implicite, incluz\u00e2nd, dar f\u0103r\u0103 a se limita la, garan\u021bii implicite de comerciabilitate, adecvarea pentru un anumit scop, ne\u00eendepliniri sau curs de performan\u021b\u0103.<\/p>\n\n\n\n<p><strong>Legea Aplicabil\u0103<\/strong><br>Ace\u0219ti Termeni vor fi guverna\u021bi \u0219i interpreta\u021bi \u00een conformitate cu legile Republicii Moldova, f\u0103r\u0103 a \u021bine cont de prevederile sale privind conflictul de legi.<\/p>\n\n\n\n<p>E\u0219ecul nostru de a pune \u00een aplicare orice drept sau prevedere a acestor Termeni nu va fi considerat\u0103 o renun\u021bare la aceste drepturi. Dac\u0103 o prevedere a acestor Termeni este considerat\u0103 nevalid\u0103 sau inaplicabil\u0103 de c\u0103tre o instan\u021b\u0103, celelalte prevederi ale acestor Termeni vor r\u0103m\u00e2ne \u00een vigoare. Ace\u0219ti Termeni constituie \u00eentregul acord dintre noi cu privire la Serviciul nostru \u0219i \u00eenlocuiesc orice acorduri anterioare pe care le-am putea avea \u00eentre noi cu privire la Serviciu.<\/p>\n\n\n\n<p><strong>Modific\u0103ri<\/strong><br>Ne rezerv\u0103m dreptul, la propria noastr\u0103 discre\u021bie, de a modifica sau \u00eenlocui ace\u0219ti Termeni \u00een orice moment. Dac\u0103 o revizuire este semnificativ\u0103, vom \u00eencerca s\u0103 furniz\u0103m o notificare de cel pu\u021bin 30 de zile \u00eenainte de intrarea \u00een vigoare a noilor termeni. Ceea ce constituie o schimbare material\u0103 va fi stabilit\u0103 la discre\u021bia noastr\u0103.<\/p>\n\n\n\n<p>Continu\u00e2nd s\u0103 accesa\u021bi sau s\u0103 utiliza\u021bi Serviciul nostru dup\u0103 ce aceste revizuiri intr\u0103 \u00een vigoare, sunte\u021bi de acord s\u0103 respecta\u021bi termenii revizui\u021bi. Dac\u0103 nu sunte\u021bi de acord cu noii termeni, v\u0103 rug\u0103m s\u0103 nu mai utiliza\u021bi Serviciul.<\/p>\n\n\n\n<p><strong>Contacta\u0163i-ne<\/strong><br>Dac\u0103 ave\u021bi \u00eentreb\u0103ri cu privire la ace\u0219ti Termeni, ne pute\u021bi contacta prin e-mail la adresa Davinci Dental Clinic, telefon <strong><a href=\"tel:37322011050\" title=\"+37322011050\">+37322011050<\/a><\/strong> sau adresa juridic\u0103: mun. Chi\u0219in\u0103u, sec. Ciocana, str. Ginta Latin\u0103, 48.<\/p>\n\n\n\n<p><strong>DNO \/ Cod:<\/strong> 1018600002693<\/p>\n\n\n\n<p><strong>Data \u00eenregistr\u0103rii companiei:<\/strong> 2018-01-19<\/p>\n\n\n\n<p><strong>Forma:<\/strong> Societate cu r\u0103spundere limitat\u0103<\/p>\n\n\n\n<p><strong>Aria de activitate:<\/strong> Activit\u0103\u0163i de asisten\u0163\u0103 stomatologic\u0103<\/p>\n\n\n\n<p><strong>Ultima actualizare:<\/strong> 2024-06-27.<\/p>\n\n\n\n<p><strong>ACEST DOCUMENT A FOST ACTUALIZAT ULTIMA DAT\u0102 LA:<\/strong> Ultima actualizare: 2024-06-27.<\/p>\n","protected":false},"excerpt":{"rendered":"<p>Termeni \u0219i Condi\u021bii V\u0103 rug\u0103m s\u0103 citi\u021bi cu aten\u021bie ace\u0219ti Termeni de utilizare \u00eenainte de a utiliza site-ul Davinci Dental Clinic operat de Davinci Dental Clinic. Accesul \u0219i utilizarea serviciului sunt condi\u021bionate de acceptarea \u0219i respectarea acestor termeni. Ace\u0219ti Termeni se aplic\u0103 tuturor vizitatorilor, utilizatorilor \u0219i altor persoane care acceseaz\u0103 sau utilizeaz\u0103 Serviciul. Prin accesarea [&hellip;]<\/p>\n","protected":false},"author":5,"featured_media":0,"parent":0,"menu_order":0,"comment_status":"closed","ping_status":"closed","template":"","meta":{"inline_featured_image":false,"footnotes":"","_glsr_average":0,"_glsr_ranking":0,"_glsr_reviews":0},"acf":[],"aioseo_notices":[],"_links":{"self":[{"href":"https:\/\/davincidental.md\/ro\/wp-json\/wp\/v2\/pages\/1576"}],"collection":[{"href":"https:\/\/davincidental.md\/ro\/wp-json\/wp\/v2\/pages"}],"about":[{"href":"https:\/\/davincidental.md\/ro\/wp-json\/wp\/v2\/types\/page"}],"author":[{"embeddable":true,"href":"https:\/\/davincidental.md\/ro\/wp-json\/wp\/v2\/users\/5"}],"replies":[{"embeddable":true,"href":"https:\/\/davincidental.md\/ro\/wp-json\/wp\/v2\/comments?post=1576"}],"version-history":[{"count":2,"href":"https:\/\/davincidental.md\/ro\/wp-json\/wp\/v2\/pages\/1576\/revisions"}],"predecessor-version":[{"id":1581,"href":"https:\/\/davincidental.md\/ro\/wp-json\/wp\/v2\/pages\/1576\/revisions\/1581"}],"wp:attachment":[{"href":"https:\/\/davincidental.md\/ro\/wp-json\/wp\/v2\/media?parent=1576"}],"curies":[{"name":"wp","href":"https:\/\/api.w.org\/{rel}","templated":true}]}}