{"id":1645,"date":"2024-08-16T12:16:40","date_gmt":"2024-08-16T09:16:40","guid":{"rendered":"https:\/\/davincidental.md\/?page_id=1645"},"modified":"2024-08-16T12:26:12","modified_gmt":"2024-08-16T09:26:12","slug":"recenzii","status":"publish","type":"page","link":"https:\/\/davincidental.md\/ro\/recenzii\/","title":{"rendered":"Recenzii"},"content":{"rendered":"\n<div style=\"height:100px\" aria-hidden=\"true\" class=\"wp-block-spacer\"><\/div>\n\n\n<pre class=\"ti-widget\" style=\"display: none\"><div class=\"ti-widget ti-goog ti-disable-font ti-show-rating-text ti-review-text-mode-readmore ti-text-align-left\" data-no-translation=\"true\" data-layout-id=\"13\" data-set-id=\"soft\" data-pid=\"\" data-pager-autoplay-timeout=\"6\" data-review-target-width=\"275\" data-language=\"ro\" > <div class=\"ti-widget-container ti-col-4\"> <div class=\"ti-footer source-Google\"> <div class=\"ti-row\"> <div class=\"ti-profile-img\"> <img src=\"https:\/\/lh4.googleusercontent.com\/-3pq5O_3LPYs\/AAAAAAAAAAI\/AAAAAAAAAAA\/xIyTrPbgiEc\/s160-c-k-mo\/photo.jpg\" loading=\"lazy\" alt=\"DaVinci\" \/> <\/div> <div class=\"ti-profile-details\"> <div class=\"ti-name\"> DaVinci<\/div> <span class=\"ti-stars\"><span class=\"ti-star f\"><\/span><span class=\"ti-star f\"><\/span><span class=\"ti-star f\"><\/span><span class=\"ti-star f\"><\/span><span class=\"ti-star h\"><\/span><\/span> <div class=\"ti-rating-text\"> <span class=\"nowrap\"><strong>130 recenzii Google<\/strong><\/span> <\/div> <div class=\"ti-header-write-btn-container\"> <a href=\"https:\/\/admin.trustindex.io\/api\/googleWriteReview?place-id=ChIJUe3WX5J9yUARSn4DY626gv8\" class=\"ti-header-write-btn\" role=\"button\" aria-label=\"Scrie\u021bi o recenzie pentru Google\" target=\"_blank\" rel=\"noopener\" >Scrie o recenzie<\/a> <\/div>  <\/div> <\/div> <\/div> <div class=\"ti-reviews-container\"> <div class=\"ti-controls\"> <div class=\"ti-next\" aria-label=\"Urm\u0103toarea recenzie\" role=\"button\"><\/div> <div class=\"ti-prev\" aria-label=\"Recenzie anterioar\u0103\" role=\"button\"><\/div> <\/div> <div class=\"ti-reviews-container-wrapper\">  <div data-empty=\"0\" class=\"ti-review-item source-Google ti-image-layout-thumbnail\" data-id=\"cfcd208495d565ef66e7dff9f98764da\" > <div class=\"ti-inner\"> <div class=\"ti-review-header\"> <div class=\"ti-profile-img\"> <img src=\"https:\/\/lh3.googleusercontent.com\/a\/ACg8ocJO8W9zzprimuI7PaTwYwEZztFEbYrhrWfxMT0qSmdJPBBGLg=s120-c-rp-mo-br100\" loading=\"lazy\" alt=\"Sergiu Ceban\" \/> <\/div> <div class=\"ti-profile-details\"> <div class=\"ti-name\"> Sergiu Ceban <\/div> <div class=\"ti-date\">4 August 2024<\/div> <\/div> <\/div> <span class=\"ti-stars\"><span class=\"ti-star f\"><\/span><span class=\"ti-star f\"><\/span><span class=\"ti-star f\"><\/span><span class=\"ti-star f\"><\/span><span class=\"ti-star f\"><\/span><span class=\"ti-verified-review ti-verified-platform\"><span class=\"ti-verified-tooltip\">Trustindex verific\u0103 c\u0103 sursa original\u0103 a recenziei este Google.<\/span><\/span><\/span> <div class=\"ti-review-text-container ti-review-content\"><!-- R-CONTENT -->Va multumesc<!-- R-CONTENT --><\/div> <span class=\"ti-read-more\" data-container=\".ti-review-content\" data-collapse-text=\"Ascunde\" data-open-text=\"Citeste mai mult\" ><\/span> <\/div> <\/div>  <div data-empty=\"1\" class=\"ti-review-item source-Google ti-image-layout-thumbnail\" data-id=\"cfcd208495d565ef66e7dff9f98764da\" > <div class=\"ti-inner\"> <div class=\"ti-review-header\"> <div class=\"ti-profile-img\"> <img src=\"https:\/\/lh3.googleusercontent.com\/a-\/ALV-UjUu8_BsAlGyHgDDFpa-sjPa-xGjKLNnXLig2vJr5gWniqlUkad0=s120-c-rp-mo-br100\" loading=\"lazy\" alt=\"Lucia M\u00eera\" \/> <\/div> <div class=\"ti-profile-details\"> <div class=\"ti-name\"> Lucia M\u00eera <\/div> <div class=\"ti-date\">30 Iulie 2024<\/div> <\/div> <\/div> <span class=\"ti-stars\"><span class=\"ti-star f\"><\/span><span class=\"ti-star f\"><\/span><span class=\"ti-star f\"><\/span><span class=\"ti-star f\"><\/span><span class=\"ti-star f\"><\/span><span class=\"ti-verified-review ti-verified-platform\"><span class=\"ti-verified-tooltip\">Trustindex verific\u0103 c\u0103 sursa original\u0103 a recenziei este Google.<\/span><\/span><\/span> <div class=\"ti-review-text-container ti-review-content\"><!-- R-CONTENT --><!-- R-CONTENT --><\/div> <span class=\"ti-read-more\" data-container=\".ti-review-content\" data-collapse-text=\"Ascunde\" data-open-text=\"Citeste mai mult\" ><\/span> <\/div> <\/div>  <div data-empty=\"0\" class=\"ti-review-item source-Google ti-image-layout-thumbnail\" data-id=\"cfcd208495d565ef66e7dff9f98764da\" > <div class=\"ti-inner\"> <div class=\"ti-review-header\"> <div class=\"ti-profile-img\"> <img src=\"https:\/\/lh3.googleusercontent.com\/a\/ACg8ocJXIOIRphPtrVeHCz7RwP52OWT4c93OzHljwQCZfrjWBQbSQg=s120-c-rp-mo-br100\" loading=\"lazy\" alt=\"Aliona Balaur\" \/> <\/div> <div class=\"ti-profile-details\"> <div class=\"ti-name\"> Aliona Balaur <\/div> <div class=\"ti-date\">27 Iulie 2024<\/div> <\/div> <\/div> <span class=\"ti-stars\"><span class=\"ti-star f\"><\/span><span class=\"ti-star f\"><\/span><span class=\"ti-star f\"><\/span><span class=\"ti-star f\"><\/span><span class=\"ti-star f\"><\/span><span class=\"ti-verified-review ti-verified-platform\"><span class=\"ti-verified-tooltip\">Trustindex verific\u0103 c\u0103 sursa original\u0103 a recenziei este Google.<\/span><\/span><\/span> <div class=\"ti-review-text-container ti-review-content\"><!-- R-CONTENT -->Recomand !!!!!!\nPentru noi sunte\u021bi de nota 10 \ud83d\ude18<!-- R-CONTENT --><\/div> <span class=\"ti-read-more\" data-container=\".ti-review-content\" data-collapse-text=\"Ascunde\" data-open-text=\"Citeste mai mult\" ><\/span> <\/div> <\/div>  <div data-empty=\"1\" class=\"ti-review-item source-Google ti-image-layout-thumbnail\" data-id=\"cfcd208495d565ef66e7dff9f98764da\" > <div class=\"ti-inner\"> <div class=\"ti-review-header\"> <div class=\"ti-profile-img\"> <img src=\"https:\/\/lh3.googleusercontent.com\/a-\/ALV-UjWuMdkGFyjBliX_GLgGGYKTrkZ66Pbn7V1RAG-PR0G6ZAZFM7k=s120-c-rp-mo-br100\" loading=\"lazy\" alt=\"Railean Marina\" \/> <\/div> <div class=\"ti-profile-details\"> <div class=\"ti-name\"> Railean Marina <\/div> <div class=\"ti-date\">17 Iunie 2024<\/div> <\/div> <\/div> <span class=\"ti-stars\"><span class=\"ti-star f\"><\/span><span class=\"ti-star f\"><\/span><span class=\"ti-star f\"><\/span><span class=\"ti-star f\"><\/span><span class=\"ti-star f\"><\/span><span class=\"ti-verified-review ti-verified-platform\"><span class=\"ti-verified-tooltip\">Trustindex verific\u0103 c\u0103 sursa original\u0103 a recenziei este Google.<\/span><\/span><\/span> <div class=\"ti-review-text-container ti-review-content\"><!-- R-CONTENT --><!-- R-CONTENT --><\/div> <span class=\"ti-read-more\" data-container=\".ti-review-content\" data-collapse-text=\"Ascunde\" data-open-text=\"Citeste mai mult\" ><\/span> <\/div> <\/div>  <div data-empty=\"0\" class=\"ti-review-item source-Google ti-image-layout-thumbnail\" data-id=\"cfcd208495d565ef66e7dff9f98764da\" > <div class=\"ti-inner\"> <div class=\"ti-review-header\"> <div class=\"ti-profile-img\"> <img src=\"https:\/\/lh3.googleusercontent.com\/a\/ACg8ocLuqQPtAKrKAe6Z6IKyNz5H-uRzYzzMYv4QtBO9D8XpqXsl_w=s120-c-rp-mo-br100\" loading=\"lazy\" alt=\"Doina Cozonac\" \/> <\/div> <div class=\"ti-profile-details\"> <div class=\"ti-name\"> Doina Cozonac <\/div> <div class=\"ti-date\">7 Iunie 2024<\/div> <\/div> <\/div> <span class=\"ti-stars\"><span class=\"ti-star f\"><\/span><span class=\"ti-star f\"><\/span><span class=\"ti-star f\"><\/span><span class=\"ti-star f\"><\/span><span class=\"ti-star f\"><\/span><span class=\"ti-verified-review ti-verified-platform\"><span class=\"ti-verified-tooltip\">Trustindex verific\u0103 c\u0103 sursa original\u0103 a recenziei este Google.<\/span><\/span><\/span> <div class=\"ti-review-text-container ti-review-content\"><!-- R-CONTENT -->Am apelat la clinica DaVinci datorita unor recomandari. Din prima zi am fost foarte placut surprinsa de profesionalismul medicilor de acolo. Customer service la cel mai inalt nivel. Medicii foarte prietenosi si rabdatori ( cu o persoana care are frica de ace si care nu a avut niciodata niciun tratament dentar). O sa revin de fiecare data la DVS cu cea mai mare placere. Multumesc<!-- R-CONTENT --><\/div> <span class=\"ti-read-more\" data-container=\".ti-review-content\" data-collapse-text=\"Ascunde\" data-open-text=\"Citeste mai mult\" ><\/span> <\/div> <\/div>  <div data-empty=\"1\" class=\"ti-review-item source-Google ti-image-layout-thumbnail\" data-id=\"cfcd208495d565ef66e7dff9f98764da\" > <div class=\"ti-inner\"> <div class=\"ti-review-header\"> <div class=\"ti-profile-img\"> <img src=\"https:\/\/lh3.googleusercontent.com\/a-\/ALV-UjUUNXgBeRtj_yBF3-uQCsrsYv0ZjxqwDfaweDcs_ALG-uxEmA0M=s120-c-rp-mo-br100\" loading=\"lazy\" alt=\"Anastasia Cotoman\" \/> <\/div> <div class=\"ti-profile-details\"> <div class=\"ti-name\"> Anastasia Cotoman <\/div> <div class=\"ti-date\">3 Iunie 2024<\/div> <\/div> <\/div> <span class=\"ti-stars\"><span class=\"ti-star f\"><\/span><span class=\"ti-star f\"><\/span><span class=\"ti-star f\"><\/span><span class=\"ti-star f\"><\/span><span class=\"ti-star f\"><\/span><span class=\"ti-verified-review ti-verified-platform\"><span class=\"ti-verified-tooltip\">Trustindex verific\u0103 c\u0103 sursa original\u0103 a recenziei este Google.<\/span><\/span><\/span> <div class=\"ti-review-text-container ti-review-content\"><!-- R-CONTENT --><!-- R-CONTENT --><\/div> <span class=\"ti-read-more\" data-container=\".ti-review-content\" data-collapse-text=\"Ascunde\" data-open-text=\"Citeste mai mult\" ><\/span> <\/div> <\/div>  <div data-empty=\"0\" class=\"ti-review-item source-Google ti-image-layout-thumbnail\" data-id=\"cfcd208495d565ef66e7dff9f98764da\" > <div class=\"ti-inner\"> <div class=\"ti-review-header\"> <div class=\"ti-profile-img\"> <img src=\"https:\/\/lh3.googleusercontent.com\/a-\/ALV-UjUunQerFzTp2zQKS7lRH8ECHwd6PrpkGyibOYpWECNP-Crie0k=s120-c-rp-mo-br100\" loading=\"lazy\" alt=\"Ion LZ\" \/> <\/div> <div class=\"ti-profile-details\"> <div class=\"ti-name\"> Ion LZ <\/div> <div class=\"ti-date\">31 Mai 2024<\/div> <\/div> <\/div> <span class=\"ti-stars\"><span class=\"ti-star f\"><\/span><span class=\"ti-star f\"><\/span><span class=\"ti-star f\"><\/span><span class=\"ti-star f\"><\/span><span class=\"ti-star f\"><\/span><span class=\"ti-verified-review ti-verified-platform\"><span class=\"ti-verified-tooltip\">Trustindex verific\u0103 c\u0103 sursa original\u0103 a recenziei este Google.<\/span><\/span><\/span> <div class=\"ti-review-text-container ti-review-content\"><!-- R-CONTENT -->Am avut o experien\u021b\u0103 foarte pl\u0103cut\u0103 la clinica DaVinci.\nProfesioni\u0219ti de \u00eenalt\u0103 calitate \u0219i devotament domeniului \u0219i ce apreciez mai mult grija \u0219i compasiunea pe care a oferit-o familiei mele,sunt impresionat \u0219i recunosc\u0103tor!\n\u00cen special mul\u021bumesc mult:\nAnastasiei de la recep\u021bie pentru ajutorul \u0219i suportul acordat chiar \u0219i \u00een afara orarului de munc\u0103 \ud83c\udf37\nDoamnei Irina pentru recomand\u0103rile \u0219i grija acordat\u0103 \ud83c\udf39(iar\u0103\u0219i \u00een afara program\u0103rilor)\nDomnului Andrei pentru toat\u0103 munca depus\u0103 timp de o s\u0103pt\u0103m\u00e2n\u0103 !\n\u0218i la tot personalul care s-a implicat mul\u021bumesc frumos!\n\nEste foarte pl\u0103cut s\u0103 ai un z\u00e2mbet frumos \u0219i s\u0103n\u0103tos,DaVinci te poate ajuta cu aceasta.\nRecomand f\u0103r\u0103 \u00eendoial\u0103!!!<!-- R-CONTENT --><\/div> <span class=\"ti-read-more\" data-container=\".ti-review-content\" data-collapse-text=\"Ascunde\" data-open-text=\"Citeste mai mult\" ><\/span> <\/div> <\/div>  <\/div> <div class=\"ti-controls-line\"> <div class=\"dot\"><\/div> <\/div>  <\/div> <\/div> <\/div> <\/pre>\n\n\n\n<hr class=\"wp-block-separator has-alpha-channel-opacity\"\/>\n\n\n<div class=\"glsr glsr-default\" id=\"glsr_9bdce15b\" data-from=\"shortcode\" data-shortcode=\"site_reviews_form\"><div class=\"glsr-form-wrap\">\n    <form class=\"glsr-review-form glsr-form\" method=\"post\" enctype=\"multipart\/form-data\">\n        <input type=\"hidden\" name=\"site-reviews[_action]\" value=\"submit-review\" \/>\n<input type=\"hidden\" name=\"site-reviews[_nonce]\" value=\"34c248e059\" \/>\n<input type=\"hidden\" name=\"site-reviews[_post_id]\" value=\"1645\" \/>\n<input type=\"hidden\" name=\"site-reviews[_referer]\" value=\"\" \/>\n<input type=\"hidden\" name=\"site-reviews[assigned_posts]\" value=\"\" \/>\n<input type=\"hidden\" name=\"site-reviews[assigned_terms]\" value=\"\" \/>\n<input type=\"hidden\" name=\"site-reviews[assigned_users]\" value=\"\" \/>\n<input type=\"hidden\" name=\"site-reviews[excluded]\" value=\"KjmZAZMp7mW-Z7I1GtoUSw\" \/>\n<input type=\"hidden\" name=\"site-reviews[form_id]\" value=\"glsr_9bdce15b\" \/>\n<input type=\"hidden\" name=\"site-reviews[terms_exist]\" value=\"1\" \/>\n<div class=\"glsr-field\" style=\"display:none;\"><label for=\"site-reviews-eb99d057-glsr_9bdce15b\">Your review<\/label><input type=\"text\" class=\"glsr-input glsr-input-text\" id=\"site-reviews-eb99d057-glsr_9bdce15b\" name=\"site-reviews[eb99d057]\" value=\"\" \/><\/div>\n<div class=\"glsr-field glsr-field-rating glsr-required\" data-field=\"rating\">\n    <label class=\"glsr-label\" for=\"glsr_9bdce15b-rating\">\n    <span>Your overall rating<\/span>\n<\/label>\n    \n    <select class=\"browser-default no_wrap no-wrap glsr-select\" id=\"glsr_9bdce15b-rating\" name=\"site-reviews[rating]\" required><option value=\"\">Select a Rating<\/option><option value=\"5\">5 Stars<\/option><option value=\"4\">4 Stars<\/option><option value=\"3\">3 Stars<\/option><option value=\"2\">2 Stars<\/option><option value=\"1\">1 Star<\/option><\/select>\n    <div class=\"glsr-field-error\"><\/div>\n<\/div>\n<div class=\"glsr-field glsr-field-text glsr-required\" data-field=\"title\">\n    <label class=\"glsr-label\" for=\"glsr_9bdce15b-title\">\n    <span>Title of your review<\/span>\n<\/label>\n    \n    <input type=\"text\" class=\"glsr-input glsr-input-text\" id=\"glsr_9bdce15b-title\" name=\"site-reviews[title]\" required placeholder=\"Summarize your review or highlight an interesting detail\" value=\"\" \/>\n    <div class=\"glsr-field-error\"><\/div>\n<\/div>\n<div class=\"glsr-field glsr-field-textarea glsr-required\" data-field=\"content\">\n    <label class=\"glsr-label\" for=\"glsr_9bdce15b-content\">\n    <span>Your review<\/span>\n<\/label>\n    \n    <textarea class=\"glsr-textarea\" id=\"glsr_9bdce15b-content\" name=\"site-reviews[content]\" required placeholder=\"Tell people your review\" rows=\"5\"><\/textarea>\n    <div class=\"glsr-field-error\"><\/div>\n<\/div>\n<div class=\"glsr-field glsr-field-text glsr-required\" data-field=\"name\">\n    <label class=\"glsr-label\" for=\"glsr_9bdce15b-name\">\n    <span>Your name<\/span>\n<\/label>\n    \n    <input type=\"text\" class=\"glsr-input glsr-input-text\" id=\"glsr_9bdce15b-name\" name=\"site-reviews[name]\" required placeholder=\"Tell us your name\" value=\"\" \/>\n    <div class=\"glsr-field-error\"><\/div>\n<\/div>\n<div class=\"glsr-field glsr-field-email glsr-required\" data-field=\"email\">\n    <label class=\"glsr-label\" for=\"glsr_9bdce15b-email\">\n    <span>Your email<\/span>\n<\/label>\n    \n    <input type=\"email\" class=\"glsr-input glsr-input-email\" id=\"glsr_9bdce15b-email\" name=\"site-reviews[email]\" required placeholder=\"Tell us your email\" value=\"\" \/>\n    <div class=\"glsr-field-error\"><\/div>\n<\/div>\n<div class=\"glsr-field glsr-field-choice glsr-required\" data-field=\"terms\">\n    \n    \n    <span class=\"glsr-field-toggle\">\n    <span class=\"glsr-toggle\">\n        <label for=\"glsr_9bdce15b-terms-1\">This review is based on my own experience and is my genuine opinion.<\/label>\n        <span class=\"glsr-toggle-switch\">\n            <input type=\"checkbox\" id=\"glsr_9bdce15b-terms-1\" name=\"site-reviews[terms]\" required value=\"1\" \/> &#8203; <!-- zero-space character used for alignment -->\n            <span class=\"glsr-toggle-track\"><\/span>\n        <\/span>\n    <\/span>\n<\/span>\n    <div class=\"glsr-field-error\"><\/div>\n<\/div>\n        <div class=\"glsr-form-message\">\n    \n<\/div>\n        <div data-field=\"submit-button\">\n    <div class=\"wp-block-button\">\n        <button type=\"submit\" class=\"glsr-button wp-block-button__link\" aria-busy=\"false\" data-loading=\"Submitting, please wait...\">Submit Review<\/button>\n    <\/div>\n<\/div>\n    <\/form>\n<\/div><\/div>\n\n\n\n<div style=\"height:40px\" aria-hidden=\"true\" class=\"wp-block-spacer\"><\/div>\n\n\n\n<hr class=\"wp-block-separator has-alpha-channel-opacity\"\/>\n\n\n<div class=\"glsr glsr-default\" id=\"glsr_ad7c3ceb\" data-from=\"shortcode\" data-shortcode=\"site_reviews\"><div class=\"glsr-reviews-wrap\">\n    <div class=\"glsr-reviews\">\n        <div class=\"glsr-review\" data-type=\"local\" id=\"review-1706\" data-assigned='[]'>\n    <div class=\"glsr-review-title\"><h4 class=\"glsr-tag-value\">test<\/h4><\/div>\n    <div class=\"glsr-review-rating\"><div class=\"glsr-star-rating glsr-stars\" role=\"img\" aria-label=\"Rated 5 out of 5 stars\" data-rating=\"5\" data-reviews=\"0\"><span class=\"glsr-star glsr-star-full\" aria-hidden=\"true\"><\/span><span class=\"glsr-star glsr-star-full\" aria-hidden=\"true\"><\/span><span class=\"glsr-star glsr-star-full\" aria-hidden=\"true\"><\/span><span class=\"glsr-star glsr-star-full\" aria-hidden=\"true\"><\/span><span class=\"glsr-star glsr-star-full\" aria-hidden=\"true\"><\/span><\/div><\/div> <div class=\"glsr-review-date\"><span class=\"glsr-tag-value\">2025-02-25<\/span><\/div>\n    \n    <div class=\"glsr-review-content\"><div class=\"glsr-tag-value\" data-expanded=\"false\"><p>test<\/p><\/div><\/div>\n     <div class=\"glsr-review-author\"><span class=\"glsr-tag-value\">test<\/span><\/div> \n    \n<\/div>\n<div class=\"glsr-review\" data-type=\"local\" id=\"review-1647\" data-assigned='[]'>\n    <div class=\"glsr-review-title\"><h4 class=\"glsr-tag-value\">Clinic\u0103 stomatologic\u0103 excelent\u0103<\/h4><\/div>\n    <div class=\"glsr-review-rating\"><div class=\"glsr-star-rating glsr-stars\" role=\"img\" aria-label=\"Rated 5 out of 5 stars\" data-rating=\"5\" data-reviews=\"0\"><span class=\"glsr-star glsr-star-full\" aria-hidden=\"true\"><\/span><span class=\"glsr-star glsr-star-full\" aria-hidden=\"true\"><\/span><span class=\"glsr-star glsr-star-full\" aria-hidden=\"true\"><\/span><span class=\"glsr-star glsr-star-full\" aria-hidden=\"true\"><\/span><span class=\"glsr-star glsr-star-full\" aria-hidden=\"true\"><\/span><\/div><\/div> <div class=\"glsr-review-date\"><span class=\"glsr-tag-value\">2024-08-16<\/span><\/div>\n    \n    <div class=\"glsr-review-content\"><div class=\"glsr-tag-value\" data-expanded=\"false\"><p>Clinic\u0103 stomatologic\u0103 excelent\u0103! Personalul este experimentat \u0219i politicos \u0219i face o treab\u0103 excelent\u0103! Mi-am pus aparat dentar \u00een urm\u0103 cu doar o lun\u0103 \u0219i sunt \u00eenc\u00e2ntat de munca f\u0103cut\u0103, totul este f\u0103cut bine \u0219i curat. V\u0103 mul\u021bumim! \u2764\ufe0f\u2764\ufe0f<\/p><\/div><\/div>\n     <div class=\"glsr-review-author\"><span class=\"glsr-tag-value\">Anastasia Lungu<\/span><\/div> \n    \n<\/div>\n    <\/div>\n    \n<\/div><\/div>\n\n\n\n<div style=\"height:100px\" aria-hidden=\"true\" class=\"wp-block-spacer\"><\/div>\n","protected":false},"excerpt":{"rendered":"","protected":false},"author":1,"featured_media":0,"parent":0,"menu_order":0,"comment_status":"closed","ping_status":"closed","template":"","meta":{"inline_featured_image":false,"footnotes":"","_glsr_average":0,"_glsr_ranking":0,"_glsr_reviews":0},"acf":[],"aioseo_notices":[],"_links":{"self":[{"href":"https:\/\/davincidental.md\/ro\/wp-json\/wp\/v2\/pages\/1645"}],"collection":[{"href":"https:\/\/davincidental.md\/ro\/wp-json\/wp\/v2\/pages"}],"about":[{"href":"https:\/\/davincidental.md\/ro\/wp-json\/wp\/v2\/types\/page"}],"author":[{"embeddable":true,"href":"https:\/\/davincidental.md\/ro\/wp-json\/wp\/v2\/users\/1"}],"replies":[{"embeddable":true,"href":"https:\/\/davincidental.md\/ro\/wp-json\/wp\/v2\/comments?post=1645"}],"version-history":[{"count":5,"href":"https:\/\/davincidental.md\/ro\/wp-json\/wp\/v2\/pages\/1645\/revisions"}],"predecessor-version":[{"id":1652,"href":"https:\/\/davincidental.md\/ro\/wp-json\/wp\/v2\/pages\/1645\/revisions\/1652"}],"wp:attachment":[{"href":"https:\/\/davincidental.md\/ro\/wp-json\/wp\/v2\/media?parent=1645"}],"curies":[{"name":"wp","href":"https:\/\/api.w.org\/{rel}","templated":true}]}}