{"id":3,"date":"2024-05-06T16:10:00","date_gmt":"2024-05-06T13:10:00","guid":{"rendered":"http:\/\/davincidental.md\/?page_id=3"},"modified":"2024-08-06T19:17:04","modified_gmt":"2024-08-06T16:17:04","slug":"politica-de-confidentialitate","status":"publish","type":"page","link":"https:\/\/davincidental.md\/ro\/politica-de-confidentialitate\/","title":{"rendered":"Politica de Confiden\u021bialitate"},"content":{"rendered":"\n<h2 class=\"wp-block-heading\">Politica de Confiden\u021bialitate<\/h2>\n\n\n\n<p>Aceast\u0103 Politic\u0103 de Confiden\u021bialitate descrie politicile \u0219i procedurile Davinci Dental Clinic privind colectarea, utilizarea \u0219i divulgarea informa\u021biilor dvs. atunci c\u00e2nd utiliza\u021bi serviciul nostru \u0219i v\u0103 informeaz\u0103 despre drepturile dvs. la confiden\u021bialitate \u0219i modul \u00een care legea v\u0103 protejeaz\u0103.<\/p>\n\n\n\n<p><strong>Colectarea \u0219i Utilizarea Informa\u021biilor Personale<\/strong><\/p>\n\n\n\n<p><strong>Tipuri de Date Colectate<\/strong><\/p>\n\n\n\n<p><strong>1. Informa\u021bii Personale:<\/strong> C\u00e2nd crea\u021bi un cont sau utiliza\u021bi serviciile noastre, v\u0103 putem solicita s\u0103 ne furniza\u021bi anumite informa\u021bii de identificare personal\u0103 care pot include, dar nu se limiteaz\u0103 la:<\/p>\n\n\n\n<ul>\n<li>Numele \u0219i prenumele<\/li>\n\n\n\n<li>Adresa de e-mail<\/li>\n\n\n\n<li>Num\u0103rul de telefon<\/li>\n\n\n\n<li>Adresa po\u0219tal\u0103<\/li>\n\n\n\n<li>Date de identificare (de ex., CNP)<\/li>\n<\/ul>\n\n\n\n<p><strong>2. Date de Utilizare:<\/strong> Putem colecta informa\u021bii despre modul \u00een care este accesat \u0219i utilizat serviciul nostru. Aceste date de utilizare pot include informa\u021bii precum adresa de Internet Protocol (IP) a dispozitivului dvs., tipul de browser, versiunea browser-ului, paginile serviciului nostru pe care le vizita\u021bi, ora \u0219i data vizitei dvs., timpul petrecut pe acele pagini, identificatori unici de dispozitiv \u0219i alte date de diagnosticare.<\/p>\n\n\n\n<p><strong>3. Date de Localizare:<\/strong> Putem folosi \u0219i stoca informa\u021bii despre loca\u021bia dvs. dac\u0103 ne da\u021bi permisiunea s\u0103 facem acest lucru. Utiliz\u0103m aceste date pentru a oferi caracteristici ale serviciului nostru, pentru a \u00eembun\u0103t\u0103\u021bi \u0219i personaliza serviciul nostru. Pute\u021bi activa sau dezactiva serviciile de localizare atunci c\u00e2nd utiliza\u021bi serviciul nostru \u00een orice moment prin set\u0103rile dispozitivului dvs.<\/p>\n\n\n\n<p><strong>Utilizarea Datelor Dvs. Personale<\/strong><\/p>\n\n\n\n<p>Davinci Dental Clinic utilizeaz\u0103 datele colectate \u00een diverse scopuri:<\/p>\n\n\n\n<ul>\n<li>Pentru a furniza \u0219i men\u021bine serviciul nostru<\/li>\n\n\n\n<li>Pentru a v\u0103 notifica despre modific\u0103rile aduse serviciului nostru<\/li>\n\n\n\n<li>Pentru a v\u0103 permite s\u0103 participa\u021bi la caracteristicile interactive ale serviciului nostru atunci c\u00e2nd alege\u021bi s\u0103 face\u021bi acest lucru<\/li>\n\n\n\n<li>Pentru a furniza suport \u0219i asisten\u021b\u0103 clien\u021bilor<\/li>\n\n\n\n<li>Pentru a furniza analize sau informa\u021bii valoroase pentru a \u00eembun\u0103t\u0103\u021bi serviciul nostru<\/li>\n\n\n\n<li>Pentru a monitoriza utilizarea serviciului nostru<\/li>\n\n\n\n<li>Pentru a detecta, preveni \u0219i aborda problemele tehnice<\/li>\n\n\n\n<li>Pentru a v\u0103 furniza nout\u0103\u021bi, oferte speciale \u0219i informa\u021bii generale despre alte bunuri, servicii \u0219i evenimente pe care le oferim \u0219i care sunt similare cu cele pe care le-a\u021bi achizi\u021bionat deja sau despre care a\u021bi \u00eentrebat, cu excep\u021bia cazului \u00een care a\u021bi optat s\u0103 nu primi\u021bi astfel de informa\u021bii.<\/li>\n<\/ul>\n\n\n\n<p><strong>Divulgarea Datelor Dvs. Personale<\/strong><\/p>\n\n\n\n<p>Putem dezv\u0103lui informa\u021biile dvs. personale \u00een urm\u0103toarele situa\u021bii:<\/p>\n\n\n\n<ul>\n<li><strong>Cu consim\u021b\u0103m\u00e2ntul dvs.:<\/strong> Putem dezv\u0103lui informa\u021biile dvs. personale pentru orice alt scop cu consim\u021b\u0103m\u00e2ntul dvs.<\/li>\n\n\n\n<li><strong>Executarea legii:<\/strong> \u00cen anumite circumstan\u021be, Davinci Dental Clinic poate fi obligat\u0103 s\u0103 dezv\u0103luie informa\u021biile dvs. personale dac\u0103 acest lucru este cerut de lege sau ca r\u0103spuns la solicit\u0103ri valide ale autorit\u0103\u021bilor publice (de ex., o instan\u021b\u0103 sau o agen\u021bie guvernamental\u0103).<\/li>\n\n\n\n<li><strong>Interese comerciale:<\/strong> Dac\u0103 Davinci Dental Clinic este implicat\u0103 \u00eentr-o fuziune, achizi\u021bie sau v\u00e2nzare de active, informa\u021biile dvs. personale pot fi transferate. Vom furniza notific\u0103ri \u00eenainte ca datele dvs. personale s\u0103 fie transferate \u0219i s\u0103 devin\u0103 subiectul unei alte politici de confiden\u021bialitate.<\/li>\n\n\n\n<li><strong>Alte cazuri:<\/strong> Putem dezv\u0103lui informa\u021biile dvs. \u0219i pentru a proteja \u0219i ap\u0103ra drepturile sau proprietatea Davinci Dental Clinic, pentru a preveni sau investiga posibile nereguli \u00een leg\u0103tur\u0103 cu serviciul nostru, pentru a proteja siguran\u021ba personal\u0103 a utilizatorilor serviciului nostru sau a publicului, pentru a proteja \u00eempotriva r\u0103spunderii legale.<\/li>\n<\/ul>\n\n\n\n<p><strong>Securitatea Datelor Dvs. Personale<\/strong><\/p>\n\n\n\n<p>Securitatea datelor dvs. este important\u0103 pentru noi, dar aminti\u021bi-v\u0103 c\u0103 nicio metod\u0103 de transmitere prin internet sau metod\u0103 de stocare electronic\u0103 nu este 100% sigur\u0103. De\u0219i ne str\u0103duim s\u0103 folosim mijloace acceptabile din punct de vedere comercial pentru a v\u0103 proteja datele personale, nu putem garanta securitatea absolut\u0103 a acestora.<\/p>\n\n\n\n<p><strong>Drepturile Dvs. la Protec\u021bia Datelor<\/strong><\/p>\n\n\n\n<p>\u00cen anumite circumstan\u021be, ave\u021bi urm\u0103toarele drepturi de protec\u021bie a datelor:<\/p>\n\n\n\n<ul>\n<li><strong>Dreptul de a accesa, actualiza sau \u0219terge informa\u021biile pe care le avem despre dvs.<\/strong> Ori de c\u00e2te ori este posibil, pute\u021bi accesa, actualiza sau solicita \u0219tergerea datelor dvs. personale direct \u00een sec\u021biunea de set\u0103ri a contului dvs. Dac\u0103 nu pute\u021bi efectua aceste ac\u021biuni singur, v\u0103 rug\u0103m s\u0103 ne contacta\u021bi pentru a v\u0103 asista.<\/li>\n\n\n\n<li><strong>Dreptul de rectificare.<\/strong> Ave\u021bi dreptul de a avea informa\u021biile dvs. rectificate dac\u0103 aceste informa\u021bii sunt inexacte sau incomplete.<\/li>\n\n\n\n<li><strong>Dreptul de a obiecta.<\/strong> Ave\u021bi dreptul s\u0103 obiecta\u021bi prelucr\u0103rii datelor dvs. personale.<\/li>\n\n\n\n<li><strong>Dreptul de restric\u021bionare.<\/strong> Ave\u021bi dreptul s\u0103 solicita\u021bi restric\u021bionarea prelucr\u0103rii informa\u021biilor dvs. personale.<\/li>\n\n\n\n<li><strong>Dreptul la portabilitatea datelor.<\/strong> Ave\u021bi dreptul s\u0103 vi se furnizeze o copie a informa\u021biilor pe care le avem despre dvs. \u00eentr-un format structurat, utilizat \u00een mod obi\u0219nuit \u0219i care poate fi citit automat.<\/li>\n\n\n\n<li><strong>Dreptul de a retrage consim\u021b\u0103m\u00e2ntul.<\/strong> De asemenea, ave\u021bi dreptul s\u0103 v\u0103 retrage\u021bi consim\u021b\u0103m\u00e2ntul \u00een orice moment \u00een care Davinci Dental Clinic s-a bazat pe consim\u021b\u0103m\u00e2ntul dvs. pentru a v\u0103 prelucra informa\u021biile personale.<\/li>\n<\/ul>\n\n\n\n<p>Pentru a v\u0103 exercita aceste drepturi, v\u0103 rug\u0103m s\u0103 ne contacta\u021bi.<\/p>\n\n\n\n<p><strong>Modific\u0103ri ale acestei Politici de Confiden\u021bialitate<\/strong><\/p>\n\n\n\n<p>Putem actualiza Politica noastr\u0103 de Confiden\u021bialitate din c\u00e2nd \u00een c\u00e2nd. V\u0103 vom notifica despre orice modific\u0103ri prin publicarea noii Politici de Confiden\u021bialitate pe aceast\u0103 pagin\u0103.<\/p>\n\n\n\n<p>V\u0103 vom anun\u021ba prin e-mail \u0219i\/sau un anun\u021b proeminent pe serviciul nostru, \u00eenainte ca modificarea s\u0103 devin\u0103 efectiv\u0103 \u0219i vom actualiza data \u201eUltima actualizare\u201d \u00een partea de sus a acestei Politici de Confiden\u021bialitate.<\/p>\n\n\n\n<p>V\u0103 recomand\u0103m s\u0103 revizui\u021bi periodic aceast\u0103 Politic\u0103 de Confiden\u021bialitate pentru orice modific\u0103ri. Modific\u0103rile la aceast\u0103 Politic\u0103 de Confiden\u021bialitate sunt efective atunci c\u00e2nd sunt publicate pe aceast\u0103 pagin\u0103.<\/p>\n\n\n\n<p><strong>Contacta\u021bi-ne<\/strong><\/p>\n\n\n\n<p>Dac\u0103 ave\u021bi \u00eentreb\u0103ri despre aceast\u0103 Politic\u0103 de Confiden\u021bialitate, v\u0103 rug\u0103m s\u0103 ne contacta\u021bi:<\/p>\n\n\n\n<ul>\n<li>Prin e-mail: contact@davincidentalclinic.md<\/li>\n\n\n\n<li>Prin telefon: +37322011050<\/li>\n\n\n\n<li>Adresa juridic\u0103: mun. Chi\u0219in\u0103u, sec. Ciocana, str. Ginta Latin\u0103, 48<\/li>\n<\/ul>\n\n\n\n<p>DNO \/ Cod: 1018600002693<\/p>\n\n\n\n<p>Data \u00eenregistr\u0103rii companiei: 2018-01-19<\/p>\n\n\n\n<p>Forma: Societate cu r\u0103spundere limitat\u0103<\/p>\n\n\n\n<p>Aria de activitate: Activit\u0103\u0163i de asisten\u0163\u0103 stomatologic\u0103<\/p>\n\n\n\n<p>Ultima actualizare: 2024-06-27.<\/p>\n\n\n\n<p><strong>ACEST DOCUMENT A FOST ACTUALIZAT ULTIMA DAT\u0102 LA: 2024-06-27.<\/strong><\/p>\n","protected":false},"excerpt":{"rendered":"<p>Politica de Confiden\u021bialitate Aceast\u0103 Politic\u0103 de Confiden\u021bialitate descrie politicile \u0219i procedurile Davinci Dental Clinic privind colectarea, utilizarea \u0219i divulgarea informa\u021biilor dvs. atunci c\u00e2nd utiliza\u021bi serviciul nostru \u0219i v\u0103 informeaz\u0103 despre drepturile dvs. la confiden\u021bialitate \u0219i modul \u00een care legea v\u0103 protejeaz\u0103. Colectarea \u0219i Utilizarea Informa\u021biilor Personale Tipuri de Date Colectate 1. Informa\u021bii Personale: C\u00e2nd crea\u021bi [&hellip;]<\/p>\n","protected":false},"author":1,"featured_media":0,"parent":0,"menu_order":0,"comment_status":"closed","ping_status":"closed","template":"","meta":{"inline_featured_image":false,"footnotes":"","_glsr_average":0,"_glsr_ranking":0,"_glsr_reviews":0},"acf":[],"aioseo_notices":[],"_links":{"self":[{"href":"https:\/\/davincidental.md\/ro\/wp-json\/wp\/v2\/pages\/3"}],"collection":[{"href":"https:\/\/davincidental.md\/ro\/wp-json\/wp\/v2\/pages"}],"about":[{"href":"https:\/\/davincidental.md\/ro\/wp-json\/wp\/v2\/types\/page"}],"author":[{"embeddable":true,"href":"https:\/\/davincidental.md\/ro\/wp-json\/wp\/v2\/users\/1"}],"replies":[{"embeddable":true,"href":"https:\/\/davincidental.md\/ro\/wp-json\/wp\/v2\/comments?post=3"}],"version-history":[{"count":2,"href":"https:\/\/davincidental.md\/ro\/wp-json\/wp\/v2\/pages\/3\/revisions"}],"predecessor-version":[{"id":1586,"href":"https:\/\/davincidental.md\/ro\/wp-json\/wp\/v2\/pages\/3\/revisions\/1586"}],"wp:attachment":[{"href":"https:\/\/davincidental.md\/ro\/wp-json\/wp\/v2\/media?parent=3"}],"curies":[{"name":"wp","href":"https:\/\/api.w.org\/{rel}","templated":true}]}}